{"id":98,"date":"2023-10-05T13:24:44","date_gmt":"2023-10-05T13:24:44","guid":{"rendered":"https:\/\/www.housesys.fi\/?page_id=98"},"modified":"2024-09-01T17:38:42","modified_gmt":"2024-09-01T17:38:42","slug":"yhteystiedot-2","status":"publish","type":"page","link":"https:\/\/www.housesys.fi\/index.php\/yhteystiedot-2\/","title":{"rendered":"Yhteystiedot"},"content":{"rendered":"\n<div class=\"wp-block-group\"><div class=\"wp-block-group__inner-container is-layout-constrained wp-block-group-is-layout-constrained\">\n<p><strong>Yhteydenotot:<\/strong><\/p>\n\n\n\n<div class=\"wp-block-columns is-layout-flex wp-container-core-columns-is-layout-1 wp-block-columns-is-layout-flex\">\n<div class=\"wp-block-column is-layout-flow wp-block-column-is-layout-flow\" style=\"flex-basis:50%\">\n<p>S\u00e4hk\u00f6ty\u00f6t +358 50 9182668 (Tuukka)<\/p>\n\n\n\n<p>tuukka(a)housesys.fi<\/p>\n<\/div>\n\n\n\n<div class=\"wp-block-column is-layout-flow wp-block-column-is-layout-flow\" style=\"flex-basis:50%\">\n<p>ILP\/kylm\u00e4laitteet +358 46 8507773 (Jari)<\/p>\n\n\n\n<p>jari(a)housesys.fi<\/p>\n<\/div>\n<\/div>\n\n\n\n<p><strong>Laskutustiedot:<\/strong><\/p>\n<\/div><\/div>\n\n\n\n<p>Vastaanotamme laskut s\u00e4hk\u00f6postilla,<strong> info(a)housesys.fi<\/strong><\/p>\n\n\n\n<p><\/p>\n","protected":false},"excerpt":{"rendered":"<p>Yhteydenotot: S\u00e4hk\u00f6ty\u00f6t +358 50 9182668 (Tuukka) tuukka(a)housesys.fi ILP\/kylm\u00e4laitteet +358 46 8507773 (Jari) jari(a)housesys.fi Laskutustiedot: Vastaanotamme laskut s\u00e4hk\u00f6postilla, info(a)housesys.fi<\/p>\n","protected":false},"author":1,"featured_media":0,"parent":0,"menu_order":0,"comment_status":"closed","ping_status":"closed","template":"","meta":{"footnotes":""},"class_list":["post-98","page","type-page","status-publish","hentry","post"],"_links":{"self":[{"href":"https:\/\/www.housesys.fi\/index.php\/wp-json\/wp\/v2\/pages\/98"}],"collection":[{"href":"https:\/\/www.housesys.fi\/index.php\/wp-json\/wp\/v2\/pages"}],"about":[{"href":"https:\/\/www.housesys.fi\/index.php\/wp-json\/wp\/v2\/types\/page"}],"author":[{"embeddable":true,"href":"https:\/\/www.housesys.fi\/index.php\/wp-json\/wp\/v2\/users\/1"}],"replies":[{"embeddable":true,"href":"https:\/\/www.housesys.fi\/index.php\/wp-json\/wp\/v2\/comments?post=98"}],"version-history":[{"count":4,"href":"https:\/\/www.housesys.fi\/index.php\/wp-json\/wp\/v2\/pages\/98\/revisions"}],"predecessor-version":[{"id":247,"href":"https:\/\/www.housesys.fi\/index.php\/wp-json\/wp\/v2\/pages\/98\/revisions\/247"}],"wp:attachment":[{"href":"https:\/\/www.housesys.fi\/index.php\/wp-json\/wp\/v2\/media?parent=98"}],"curies":[{"name":"wp","href":"https:\/\/api.w.org\/{rel}","templated":true}]}}