{"id":198,"date":"2023-10-05T18:03:14","date_gmt":"2023-10-05T18:03:14","guid":{"rendered":"https:\/\/www.housesys.fi\/?page_id=198"},"modified":"2023-10-05T18:19:23","modified_gmt":"2023-10-05T18:19:23","slug":"ilp-asennukset-ja-huollot","status":"publish","type":"page","link":"https:\/\/www.housesys.fi\/index.php\/ilp-asennukset-ja-huollot\/","title":{"rendered":"ILP asennukset ja huollot"},"content":{"rendered":"\n<p>Ilmal\u00e4mp\u00f6pumppujen asennukset ammattitaidolla.<\/p>\n\n\n\n<p>Kylm\u00e4laite-asennukset suorittaa TUKESin hyv\u00e4ksym\u00e4 kylm\u00e4laiteasentaja. Asennusty\u00f6st\u00e4 j\u00e4\u00e4 aina asiakkaalle virallinen asennusp\u00f6yt\u00e4kirja.<\/p>\n\n\n\n<p>Tarjoamme my\u00f6s kattavat huoltopalvelut l\u00e4mp\u00f6pumppuihin:<\/p>\n\n\n\n<ul class=\"wp-block-list\">\n<li>Tarkistukset<\/li>\n\n\n\n<li>Puhdistukset<\/li>\n\n\n\n<li>Perus- ja vuosihuollot<\/li>\n\n\n\n<li>Vianhaku<\/li>\n\n\n\n<li>Huoltosopimukset<\/li>\n<\/ul>\n\n\n\n<p><a href=\"https:\/\/www.housesys.fi\/index.php\/yhteystiedot\/\" data-type=\"page\" data-id=\"6\">Ota Yhteytt\u00e4<\/a><\/p>\n","protected":false},"excerpt":{"rendered":"<p>Ilmal\u00e4mp\u00f6pumppujen asennukset ammattitaidolla. Kylm\u00e4laite-asennukset suorittaa TUKESin hyv\u00e4ksym\u00e4 kylm\u00e4laiteasentaja. Asennusty\u00f6st\u00e4 j\u00e4\u00e4 aina asiakkaalle virallinen asennusp\u00f6yt\u00e4kirja. Tarjoamme my\u00f6s kattavat huoltopalvelut l\u00e4mp\u00f6pumppuihin: Ota Yhteytt\u00e4<\/p>\n","protected":false},"author":1,"featured_media":202,"parent":0,"menu_order":0,"comment_status":"closed","ping_status":"closed","template":"","meta":{"footnotes":""},"class_list":["post-198","page","type-page","status-publish","has-post-thumbnail","hentry","post","post-with-thumbnail","post-with-thumbnail-large"],"_links":{"self":[{"href":"https:\/\/www.housesys.fi\/index.php\/wp-json\/wp\/v2\/pages\/198"}],"collection":[{"href":"https:\/\/www.housesys.fi\/index.php\/wp-json\/wp\/v2\/pages"}],"about":[{"href":"https:\/\/www.housesys.fi\/index.php\/wp-json\/wp\/v2\/types\/page"}],"author":[{"embeddable":true,"href":"https:\/\/www.housesys.fi\/index.php\/wp-json\/wp\/v2\/users\/1"}],"replies":[{"embeddable":true,"href":"https:\/\/www.housesys.fi\/index.php\/wp-json\/wp\/v2\/comments?post=198"}],"version-history":[{"count":2,"href":"https:\/\/www.housesys.fi\/index.php\/wp-json\/wp\/v2\/pages\/198\/revisions"}],"predecessor-version":[{"id":203,"href":"https:\/\/www.housesys.fi\/index.php\/wp-json\/wp\/v2\/pages\/198\/revisions\/203"}],"wp:featuredmedia":[{"embeddable":true,"href":"https:\/\/www.housesys.fi\/index.php\/wp-json\/wp\/v2\/media\/202"}],"wp:attachment":[{"href":"https:\/\/www.housesys.fi\/index.php\/wp-json\/wp\/v2\/media?parent=198"}],"curies":[{"name":"wp","href":"https:\/\/api.w.org\/{rel}","templated":true}]}}