{"id":183,"date":"2023-10-05T17:03:57","date_gmt":"2023-10-05T17:03:57","guid":{"rendered":"https:\/\/www.housesys.fi\/?page_id=183"},"modified":"2023-10-05T17:54:50","modified_gmt":"2023-10-05T17:54:50","slug":"kuitukaapeloinnit","status":"publish","type":"page","link":"https:\/\/www.housesys.fi\/index.php\/kuitukaapeloinnit\/","title":{"rendered":"Kuitukaapeloinnit"},"content":{"rendered":"\n<p>Asennamme IT- ja kuitukaapeloinnit pieniin ja suuriin kohteisiin. Kaapeloinnit tehd\u00e4\u00e4n huolella ja valmiista kaapeloinneista toimitetaan asiakkaalle tarvittavat mittausraportit.<\/p>\n\n\n\n<p><a href=\"https:\/\/www.housesys.fi\/index.php\/yhteystiedot\/\" data-type=\"page\" data-id=\"6\">Ota yhteytt\u00e4<\/a><\/p>\n","protected":false},"excerpt":{"rendered":"<p>Asennamme IT- ja kuitukaapeloinnit pieniin ja suuriin kohteisiin. Kaapeloinnit tehd\u00e4\u00e4n huolella ja valmiista kaapeloinneista toimitetaan asiakkaalle tarvittavat mittausraportit. Ota yhteytt\u00e4<\/p>\n","protected":false},"author":1,"featured_media":184,"parent":0,"menu_order":0,"comment_status":"closed","ping_status":"closed","template":"","meta":{"footnotes":""},"class_list":["post-183","page","type-page","status-publish","has-post-thumbnail","hentry","post","post-with-thumbnail","post-with-thumbnail-large"],"_links":{"self":[{"href":"https:\/\/www.housesys.fi\/index.php\/wp-json\/wp\/v2\/pages\/183"}],"collection":[{"href":"https:\/\/www.housesys.fi\/index.php\/wp-json\/wp\/v2\/pages"}],"about":[{"href":"https:\/\/www.housesys.fi\/index.php\/wp-json\/wp\/v2\/types\/page"}],"author":[{"embeddable":true,"href":"https:\/\/www.housesys.fi\/index.php\/wp-json\/wp\/v2\/users\/1"}],"replies":[{"embeddable":true,"href":"https:\/\/www.housesys.fi\/index.php\/wp-json\/wp\/v2\/comments?post=183"}],"version-history":[{"count":2,"href":"https:\/\/www.housesys.fi\/index.php\/wp-json\/wp\/v2\/pages\/183\/revisions"}],"predecessor-version":[{"id":196,"href":"https:\/\/www.housesys.fi\/index.php\/wp-json\/wp\/v2\/pages\/183\/revisions\/196"}],"wp:featuredmedia":[{"embeddable":true,"href":"https:\/\/www.housesys.fi\/index.php\/wp-json\/wp\/v2\/media\/184"}],"wp:attachment":[{"href":"https:\/\/www.housesys.fi\/index.php\/wp-json\/wp\/v2\/media?parent=183"}],"curies":[{"name":"wp","href":"https:\/\/api.w.org\/{rel}","templated":true}]}}