{"id":176,"date":"2023-10-05T16:53:58","date_gmt":"2023-10-05T16:53:58","guid":{"rendered":"https:\/\/www.housesys.fi\/?page_id=176"},"modified":"2023-10-05T16:59:19","modified_gmt":"2023-10-05T16:59:19","slug":"sahkotyot","status":"publish","type":"page","link":"https:\/\/www.housesys.fi\/index.php\/sahkotyot\/","title":{"rendered":"S\u00e4hk\u00f6ty\u00f6t"},"content":{"rendered":"\n<p>Suoritamme s\u00e4hk\u00f6ty\u00f6t ja s\u00e4hk\u00f6asennukset pienist\u00e4 asennuksista aina kokonaisiin urakoihin ammattitaidolla, usean vuoden kokemuksella.<\/p>\n\n\n\n<ul class=\"wp-block-list\">\n<li>Pienasennukset<\/li>\n\n\n\n<li>Kodinkone- ja valaisinasennukset<\/li>\n\n\n\n<li>Uudistuotannot, omakoti-, rivi- ja kerrostalot<\/li>\n\n\n\n<li>Saneerauskohteet<\/li>\n\n\n\n<li>IT- ja antenniasennukset<\/li>\n<\/ul>\n\n\n\n<p><a href=\"https:\/\/www.housesys.fi\/index.php\/yhteystiedot\/\" data-type=\"page\" data-id=\"6\">Ota yhteytt\u00e4<\/a><\/p>\n","protected":false},"excerpt":{"rendered":"<p>Suoritamme s\u00e4hk\u00f6ty\u00f6t ja s\u00e4hk\u00f6asennukset pienist\u00e4 asennuksista aina kokonaisiin urakoihin ammattitaidolla, usean vuoden kokemuksella. Ota yhteytt\u00e4<\/p>\n","protected":false},"author":1,"featured_media":181,"parent":0,"menu_order":0,"comment_status":"closed","ping_status":"closed","template":"","meta":{"footnotes":""},"class_list":["post-176","page","type-page","status-publish","has-post-thumbnail","hentry","post","post-with-thumbnail","post-with-thumbnail-large"],"_links":{"self":[{"href":"https:\/\/www.housesys.fi\/index.php\/wp-json\/wp\/v2\/pages\/176"}],"collection":[{"href":"https:\/\/www.housesys.fi\/index.php\/wp-json\/wp\/v2\/pages"}],"about":[{"href":"https:\/\/www.housesys.fi\/index.php\/wp-json\/wp\/v2\/types\/page"}],"author":[{"embeddable":true,"href":"https:\/\/www.housesys.fi\/index.php\/wp-json\/wp\/v2\/users\/1"}],"replies":[{"embeddable":true,"href":"https:\/\/www.housesys.fi\/index.php\/wp-json\/wp\/v2\/comments?post=176"}],"version-history":[{"count":1,"href":"https:\/\/www.housesys.fi\/index.php\/wp-json\/wp\/v2\/pages\/176\/revisions"}],"predecessor-version":[{"id":177,"href":"https:\/\/www.housesys.fi\/index.php\/wp-json\/wp\/v2\/pages\/176\/revisions\/177"}],"wp:featuredmedia":[{"embeddable":true,"href":"https:\/\/www.housesys.fi\/index.php\/wp-json\/wp\/v2\/media\/181"}],"wp:attachment":[{"href":"https:\/\/www.housesys.fi\/index.php\/wp-json\/wp\/v2\/media?parent=176"}],"curies":[{"name":"wp","href":"https:\/\/api.w.org\/{rel}","templated":true}]}}