{"id":130,"date":"2023-10-05T15:44:21","date_gmt":"2023-10-05T15:44:21","guid":{"rendered":"https:\/\/www.housesys.fi\/?page_id=130"},"modified":"2023-10-05T17:07:56","modified_gmt":"2023-10-05T17:07:56","slug":"viimeisimmat-uutiset","status":"publish","type":"page","link":"https:\/\/www.housesys.fi\/index.php\/viimeisimmat-uutiset\/","title":{"rendered":"Uutiset"},"content":{"rendered":"<ul class=\"wp-block-latest-posts__list wp-block-latest-posts\"><li><a class=\"wp-block-latest-posts__post-title\" href=\"https:\/\/www.housesys.fi\/index.php\/2023\/10\/05\/toshiba-jalleenmyynti\/\">Toshiba j\u00e4lleenmyynti<\/a><div class=\"wp-block-latest-posts__post-full-content\"><!-- wp:image {\"id\":128,\"sizeSlug\":\"large\",\"linkDestination\":\"none\"} -->\n<figure><img decoding=\"async\" src=\"https:\/\/www.housesys.fi\/wp-content\/uploads\/2023\/10\/Toshiba-1024x251.jpg\" alt=\"\" \/><\/figure>\n<!-- \/wp:image --><!-- wp:paragraph -->\n<p>\u00a0<\/p>\n<!-- \/wp:paragraph --><!-- wp:paragraph -->\n<p>2023 Lokakuun alusta HouseSys Oy toimii Toshiba l\u00e4mp\u00f6pumppujen virallisena j\u00e4lleenmyyj\u00e4n\u00e4. Meilt\u00e4 saat nyt kaikki Toshiban l\u00e4mp\u00f6pumppu valikoiman tuotteet ja tietysti my\u00f6s k\u00e4ytt\u00f6kuntoon asennettuna.<\/p>\n<!-- \/wp:paragraph --><!-- wp:paragraph -->\n<p>\u00a0<\/p>\n<!-- \/wp:paragraph --><\/div><\/li>\n<\/ul>","protected":false},"excerpt":{"rendered":"","protected":false},"author":1,"featured_media":0,"parent":0,"menu_order":0,"comment_status":"closed","ping_status":"closed","template":"","meta":{"footnotes":""},"class_list":["post-130","page","type-page","status-publish","hentry","post"],"_links":{"self":[{"href":"https:\/\/www.housesys.fi\/index.php\/wp-json\/wp\/v2\/pages\/130"}],"collection":[{"href":"https:\/\/www.housesys.fi\/index.php\/wp-json\/wp\/v2\/pages"}],"about":[{"href":"https:\/\/www.housesys.fi\/index.php\/wp-json\/wp\/v2\/types\/page"}],"author":[{"embeddable":true,"href":"https:\/\/www.housesys.fi\/index.php\/wp-json\/wp\/v2\/users\/1"}],"replies":[{"embeddable":true,"href":"https:\/\/www.housesys.fi\/index.php\/wp-json\/wp\/v2\/comments?post=130"}],"version-history":[{"count":2,"href":"https:\/\/www.housesys.fi\/index.php\/wp-json\/wp\/v2\/pages\/130\/revisions"}],"predecessor-version":[{"id":187,"href":"https:\/\/www.housesys.fi\/index.php\/wp-json\/wp\/v2\/pages\/130\/revisions\/187"}],"wp:attachment":[{"href":"https:\/\/www.housesys.fi\/index.php\/wp-json\/wp\/v2\/media?parent=130"}],"curies":[{"name":"wp","href":"https:\/\/api.w.org\/{rel}","templated":true}]}}